{"id":39,"date":"2022-11-29T14:02:49","date_gmt":"2022-11-29T14:02:49","guid":{"rendered":"http:\/\/ubiracional.org\/?page_id=39"},"modified":"2025-05-14T15:55:47","modified_gmt":"2025-05-14T15:55:47","slug":"manifiesto","status":"publish","type":"page","link":"https:\/\/ubiracional.org\/val\/manifiesto\/","title":{"rendered":"Manifest"},"content":{"rendered":"<p><strong>Ens trobem en un moment de crisi ecosocial global amb el canvi clim\u00e0tic ja en marxa, l\u2019esgotament dels recursos f\u00f2ssils en l\u2019horitz\u00f3 i la p\u00e8rdua de biodiversitat que no para, aquest context ens obliga, de manera inevitable i necess\u00e0ria a un canvi del model i a una transici\u00f3 energ\u00e8tica el m\u00e9s accelerada possible. En eixa transici\u00f3 el desplegament de les infraestructures de fonts d\u2019energia renovable \u00e9s imprescindible per\u00f2 cal ser conscient que aquestes tamb\u00e9 tenen les seues limitacions i nous impactes sobre el territori i els essers vius que l\u2019habiten, per tant no \u00e9s pot defugir, en la transici\u00f3, d\u2019una bona planificaci\u00f3, de la millora de l\u2019efici\u00e8ncia energ\u00e8tica i la reducci\u00f3 del consum global d\u2019energia. El moment actual i la implantaci\u00f3 de fonts renovables ens ofereix una oportunitat hist\u00f2rica per democratitzar l\u2019acc\u00e9s a l\u2019energia i caminar cap a un nou model real i sostenible de transici\u00f3 energ\u00e8tica que tamb\u00e9 ha de ser ecol\u00f2gica i justa.<\/strong><\/p>\n\n\n\n<hr class=\"wp-block-separator has-alpha-channel-opacity is-style-wide\"\/>\n\n\n\n<p class=\"translation-block\">El proc\u00e9s d\u2019implantaci\u00f3 per a les energies renovables que s\u2019est\u00e0 impulsant actualment \u00e9s un model centralitzat, basat majorit\u00e0riament en els macroprojectes fotovoltaics i e\u00f2lics, allunyat de les grans zones urbanes i de consum, que posa una vegada m\u00e9s l\u2019energia en les mans de les grans empreses, necessitant-ne a m\u00e9s grans l\u00ednies d\u2019evacuaci\u00f3, per connectar directament a la xarxa de transport de Red El\u00e9ctrica Espa\u00f1ola per la venda i distribuci\u00f3 a grans dist\u00e0ncies de l\u2019energia produ\u00efda, amb un gran impacte sobre els territoris que transita i la inevitable p\u00e8rdua d\u2019energia en el transport i la transformaci\u00f3.<\/p>\n\n\n\n<p>Molts dels parcs fotovoltaics estan projectats en s\u00f2ls d\u2019alt valor agr\u00edcola, el concepte xoca frontalment amb els objectius de conservar, millorar i protegir un sector fonamental per a la vida i la sostenibilitat com \u00e9s l\u2019agricultura, i la sobirania alimentaria, que ja est\u00e0 sotmesa a moltes pressions negatives. Cal preservar i potenciar el ric mosaic agrari valenci\u00e0 i els paisatges ancestrals que hem heretat com a font de sostenibilitat ambiental, social, alimentaria i econ\u00f2mica de present i de futur, m\u00e9s encara amb els problemes de subministrament i transport que ja patim. En aquest sentit, les instal\u00b7lacions renovables de mida xicoteta tenen el potencial d\u2019integrar-se en aquests espais.<\/p>\n\n\n\n<p>Els parcs e\u00f2lics es promouen sobretot en la part alta de les muntanyes i serres de l\u2019interior, amb poblacions minvades i en continu proc\u00e9s de despoblaci\u00f3. En conseq\u00fc\u00e8ncia, multipliquen els impactes paisatg\u00edstics, generen greus problemes en la fauna i flora i contribueixen directament a la degradaci\u00f3 de terra en tot el proc\u00e9s de construcci\u00f3. Aquests impactes dificultaran els necessaris processos de repoblaci\u00f3 per la p\u00e8rdua de qualitat de vida. \u00c9s fonamental tindre en compte els equilibris territorials i la urgent revitalitzaci\u00f3 del m\u00f3n rural d\u2019interior com a garant de la sostenibilitat econ\u00f2mica i mediambiental.<\/p>\n\n\n\n<p>Al marge dels grans impactes ambientals, agr\u00edcoles, paisatg\u00edstics i socioecon\u00f2mics, \u00e9s un contrasentit que aquestes infraestructures s\u2019ubiquen lluny d\u2019on es consumeix la major part de l\u2019energia: les grans ciutats, les ind\u00fastries i les empreses de serveis, situades majorit\u00e0riament a les \u00e0rees litorals. \u00c9s en aquestes zones on hi ha possibilitat d\u2019aprofitar pol\u00edgons industrials (moltes vegades sobredimensionats) i \u00e0rees periurbanes degradades, per instal\u00b7lar equipaments energ\u00e8tics en el lloc que es consumeix l\u2019energia, incloent esculleres i ports, urbanitzacions, p\u00e8rgoles i sostres d\u2019edificis -p\u00fablics i privats \u2013 i solars sense \u00fas, aix\u00ed com les infraestructures p\u00fabliques aptes per la seua utilitzaci\u00f3.<\/p>\n\n\n\n<p>Si s\u2019afavoreix i es deixa en mans de grans empreses i fons d\u2019inversi\u00f3 la proposta de desenvolupament de les noves instal\u00b7lacions d\u2019energies renovables, tal com est\u00e0 passant, \u00e9s evident que aquestes fugiran del s\u00f2l urb\u00e0 o urbanitzable buscant s\u00f2ls m\u00e9s barats per maximitzar beneficis. D\u2019aquesta manera es produeix, entre altres, una situaci\u00f3 de desavantatge davant dels que pretenguen arrendar o adquirir terres agr\u00edcoles per a la seua vocaci\u00f3 tradicional, el cultiu; ja que dif\u00edcilment podran competir amb aquestes empreses.<\/p>\n\n\n\n<p>Urgeix una bona planificaci\u00f3 i ordenaci\u00f3 territorial des de l\u2019administraci\u00f3 auton\u00f2mica pr\u00e8via a l\u2019aprovaci\u00f3 dels macroprojectes presentats amb l\u2019exclusi\u00f3 real de totes les zones protegides per la preservaci\u00f3 de la biodiversitat i la sobirania alimentaria, nom\u00e9s amb l\u2019autoritzaci\u00f3 en elles de projectes d\u2019autoconsum. S\u2019ha de respectar l\u2019autonomia municipal com a administraci\u00f3 local m\u00e9s propera i coneixedora del territori amb la participaci\u00f3 p\u00fablica de la gent que l\u2019habita.<\/p>\n\n\n\n<p>Cal la implicaci\u00f3 directa de totes administracions p\u00fabliques (auton\u00f2mica, provincial i local) en la promoci\u00f3 i implantaci\u00f3 del model distribu\u00eft impulsant les comunitats energ\u00e8tiques locals (CEL) o les comunitats energ\u00e8tiques de renovables (CER), aix\u00ed com en la producci\u00f3 d\u2019energia p\u00fablica des de la pr\u00f2pia administraci\u00f3 i la posada a la disposici\u00f3 per projectes de renovables de l\u2019espai d\u2019infraestructures p\u00fablics susceptibles i aptes per a aix\u00f2. Les administracions p\u00fabliques tenen un repte important\u00edssim per a desenvolupar el model futur de producci\u00f3 energ\u00e8tica, en mans de les persones, amb la participaci\u00f3 p\u00fablica, que contribu\u00efsquen a la democratitzaci\u00f3 de l\u2019energia i el consum de proximitat potenciant la implicaci\u00f3 social i generant sobirania energ\u00e8tica.<\/p>\n\n\n\n<p>Per tot aix\u00f2, les organitzacions i grups del territori valenci\u00e0 sotasignats demanem:<\/p>\n\n\n\n<ul class=\"wp-block-list\">\n<li>La paralitzaci\u00f3 urgent i necess\u00e0ria del model plantejat pel Ministeri per a la Transici\u00f3 Ecol\u00f2gica i el Repte Demogr\u00e0fic (amb infraestructures com la MAT i les macroplantes fotovoltaiques) i pels Decrets Llei 14\/2020 i 1\/2022 del Govern Valenci\u00e0, que tamb\u00e9 els permet, fins que es prioritze, mitjan\u00e7ant una planificaci\u00f3 real i legislaci\u00f3 concreta, una transici\u00f3 energ\u00e8tica basada en l\u2019estalvi, el respecte als ecosistemes, zones protegides i els territoris d\u2019interior, en l\u2019efici\u00e8ncia energ\u00e8tica, les comunitats energ\u00e8tiques locals i de renovables (CEL i CER) i l\u2019autoconsum, rebutjant el model proposat de renovables a gran escala que incentiva la bombolla especulativa, el desviament de fons europeus, sense planificaci\u00f3 territorial, sense participaci\u00f3 ciutadana, amb la destrucci\u00f3 de la socieconimia local i dels paisatges, i majorit\u00e0riament en mans de grans empreses i fons d\u2019inversi\u00f3, i allunyat d\u2019on es demana la major part de l\u2019energia consumida.<\/li>\n\n\n\n<li>Una legislaci\u00f3 concreta i clara sobre les Comunitats Energ\u00e8tiques que les prioritze i suprimisca les limitacions i traves (dist\u00e0ncia, pot\u00e8ncia o la connexi\u00f3 de les iniciatives a la xarxa) i que dificulten el desenvolupament del model distribu\u00eft, proper als llocs de consum i de demanda, sobre s\u00f2ls antropitzats o escala menuda, que evita enormes l\u00ednies el\u00e8ctriques, amb l\u2019estalvi directe en les factures i que posa la producci\u00f3 d\u2019energia en mans de les persones, generant resili\u00e8ncia futura i minimitzant els impactes soci-ambientals. Una oportunitat hist\u00f2rica que ens brinden les renovables i que no podem desaprofitar.<\/li>\n\n\n\n<li>Posada en marxa d\u2019iniciatives de producci\u00f3 p\u00fablica d\u2019energia per a la cobertura de persones vulnerables i control del preu. Implicaci\u00f3 directa de les administracions en la promoci\u00f3 i desenvolupament de Comunitats Energ\u00e8tiques en tots els municipis. I posada a la disposici\u00f3 d\u2019infraestructura p\u00fablica apta per a la instal\u00b7laci\u00f3 d\u2019energies renovables.<\/li>\n\n\n\n<li>Impulsar com a mesura de reducci\u00f3 del consum energ\u00e8tic entre altres la reconversi\u00f3 del sistema agroalimentari cap a l\u2019agroecologia, l\u2019agricultura familiar de proximitat i el sector primari agroecol\u00f2gic com a mesura cap a una economia circular, promovent el transvasament de recursos p\u00fablics i normativa necess\u00e0ria cap a la sobirania aliment\u00e0ria i resili\u00e8ncia productiva agr\u00edcola valorant els serveis ecosist\u00e8mics i la contribuci\u00f3 a la resili\u00e8ncia aliment\u00e0ria.<\/li>\n\n\n\n<li>Una vegada regulat i desenvolupat el model distribu\u00eft i de producci\u00f3 p\u00fablica d\u2019energia, de reducci\u00f3 del consum i d\u2019efici\u00e8ncia energ\u00e8tica i detectades les necessitats reals, si es donen, de m\u00e9s producci\u00f3 amb plantes de renovables de m\u00e9s grans , es deuria planificar de manera ordenada, justa i equitativa la seua implantaci\u00f3, sempre respectant les persones, la biodiversitat i els territoris.<\/li>\n<\/ul>\n\n\n\n<hr class=\"wp-block-separator has-alpha-channel-opacity is-style-wide\"\/>\n\n\n\n<ol class=\"wp-block-list\">\n<li>Acci\u00f3 Ecologista Agr\u00f3<\/li>\n\n\n\n<li>A Gaianes, renovables, s\u00ed, per\u00f2 no aix\u00ed (Gaianes)<\/li>\n\n\n\n<li>ADENE (Enguera)<\/li>\n\n\n\n<li>Aire limpio Hoya de Bu\u00f1ol (Bu\u00f1ol)<\/li>\n\n\n\n<li>ALSA Renovables i sostenibles (Alcossebre- Alcala)<\/li>\n\n\n\n<li>Alcublas Rural (Alcublas)<\/li>\n\n\n\n<li>Amigos del Mas de la Mateba<\/li>\n\n\n\n<li>Amig@s de Sierra Escalona (ASE)<\/li>\n\n\n\n<li>Amigos de los Humedales del Sur de Alicante (AHSA)<\/li>\n\n\n\n<li>Amigues De la Terra Val\u00e8ncia<\/li>\n\n\n\n<li>ANAV Valle de Ayora (Ayora)<\/li>\n\n\n\n<li>ARBA Alto Palancia<\/li>\n\n\n\n<li>Asociaci\u00f3n Alborem Acci\u00f3n (Alborache)<\/li>\n\n\n\n<li>Associaci\u00f3 Naturalista Reconco &#8211; Biar (Biar)<\/li>\n\n\n\n<li>Asociaci\u00f3n Vecinos Las Salinas (Salinas)<\/li>\n\n\n\n<li>Asociaci\u00f3n de vecinos Santa Ana de Elx<\/li>\n\n\n\n<li>Asociaci\u00f3n en Defensa de los montes de La Concordia\u00a0 (Lliria)<\/li>\n\n\n\n<li>Associaci\u00f3 per la Defensa del Territori i Medi Ambient d\u2019Aielo (Aielo)<\/li>\n\n\n\n<li>Associaci\u00f3 per la Recuperaci\u00f3 de la Tinen\u00e7a (ART)<\/li>\n\n\n\n<li>Associaci\u00f3 Cultural El Teix (Ibi)<\/li>\n\n\n\n<li>Bosc Viu<\/li>\n\n\n\n<li>Centro Excursionista de Biar (Biar)<\/li>\n\n\n\n<li>Col\u00b7lectiu Cresol (Beneixama)<\/li>\n\n\n\n<li>Colla Ecologista l&#8217;arrel (Ontinyent)<\/li>\n\n\n\n<li>Cooperativa de Viver (Viver)<\/li>\n\n\n\n<li>Cooperativa Vin\u00edcola S. Pedro Ap\u00f3stol de Godelleta (Godelleta)<\/li>\n\n\n\n<li>Coordinadora d\u2019Estudis E\u00f2lics del Comtat<\/li>\n\n\n\n<li>Defensem les nostres arrels (Les Useres)<\/li>\n\n\n\n<li>Defiende tu Pueblo. Serran\u00eda &#8211; Camp del Turia<\/li>\n\n\n\n<li>EaA La Serran\u00eda (Villar)<\/li>\n\n\n\n<li>El Territori Suma (Sumac\u00e0rcer)<\/li>\n\n\n\n<li>GAMM grup d&#8217;acci\u00f3 mediambiental (Alfarb, Catadau i Llombai)<\/li>\n\n\n\n<li>Grupo SPG Ecollaures<\/li>\n\n\n\n<li>Grup Naturalista Heliaca EeA (Mon\u00f2ver)<\/li>\n\n\n\n<li>Grup Voluntariat Aielo de Malferit (Aielo)<\/li>\n\n\n\n<li>Intersindical Valenciana<\/li>\n\n\n\n<li>Junts per la terra (La Vall d\u2019Alba)<\/li>\n\n\n\n<li>La Canal Verde (Chella)<\/li>\n\n\n\n<li>La Lluerna de Montserrat<\/li>\n\n\n\n<li>La Ribera amb bici (Alzira)<\/li>\n\n\n\n<li>La Surera de Almedijar<\/li>\n\n\n\n<li>La Terra, Casa Nostra (Vilafam\u00e9s)<\/li>\n\n\n\n<li>Llavors d\u2019Ac\u00ed<\/li>\n\n\n\n<li>Malacara Siete Aguas (Siete Aguas)<\/li>\n\n\n\n<li>Montesa Territori Viu (MTV) (Montesa)<\/li>\n\n\n\n<li>Natura i Gent (Castalla)<\/li>\n\n\n\n<li>No a La Mat (Borriol)<\/li>\n\n\n\n<li>No a la Mat (Sant Joan de Mor\u00f3)<\/li>\n\n\n\n<li>No a la Mat Vilafam\u00e9s (Vilafam\u00e9s)<\/li>\n\n\n\n<li>Nostra Terra (Les Coves de Vinrom\u00e0)<\/li>\n\n\n\n<li>Parotets Sociedad Odontol\u00f3gica de la CV<\/li>\n\n\n\n<li>PEIT Espai i Territori<\/li>\n\n\n\n<li>Per l\u2019Horta<\/li>\n\n\n\n<li>Per un Cabanes Viu (Cabanes)<\/li>\n\n\n\n<li>Perif\u00e8ries<\/li>\n\n\n\n<li>Plataforma Ciutadana les Pedrisses Pel Patrimoni i la Biodiversitat (Catadau)<\/li>\n\n\n\n<li>Plataforma ciutadana de Tibi per la defensa mediambiental i sociocultural a la Foia de Castalla<\/li>\n\n\n\n<li>Plataforma Contra la Fotovoltaica Calderona<\/li>\n\n\n\n<li>Plataforma en defensa del territori de la Vall d&#8217;Albaida (Albaida)<\/li>\n\n\n\n<li>Plataforma en Defensa del Territori del Camp de Morvedre (Morvedre)<\/li>\n\n\n\n<li>Plataforma Salvem Cairent (Aielo)<\/li>\n\n\n\n<li>Plataforma para el Estudio y Conservaci\u00f3n de la Sierra de Chiva (Chiva)<\/li>\n\n\n\n<li>Plataforma por la defensa del territorio El Castellet (Tur\u00eds)<\/li>\n\n\n\n<li>Plataforma Sol Sostenible (Mon\u00f2ver)<\/li>\n\n\n\n<li>Renovables \u00c9ticas Utiel (Utiel)<\/li>\n\n\n\n<li>Salvatierra EeA (Villena)<\/li>\n\n\n\n<li>Salvem el Realenc (Carcaixent)<\/li>\n\n\n\n<li>Salvem la Reneg\u00e0 (Orpesa)<\/li>\n\n\n\n<li>Salvem la Serra del Cavall (Petrer)<\/li>\n\n\n\n<li>Salvemos Farraj\u00f3n (Bunyol)<\/li>\n\n\n\n<li>Salvemos Godelleta (Godelleta)<\/li>\n\n\n\n<li>Societat Valenciana d\u2019Ornitologia (SVO)<\/li>\n\n\n\n<li>Stop Plan Solar Vinalop\u00f3 (Elda-Vinalop\u00f3)<\/li>\n\n\n\n<li>Terres dels Alforins (Fontanars)<\/li>\n\n\n\n<li>Utiel-Requena Sostenible (Utiel-Requena)<\/li>\n\n\n\n<li>Xicoteta Energia<\/li>\n\n\n\n<li>X\u00faquer Viu<\/li>\n<\/ol>\n\n\n\n<hr class=\"wp-block-separator has-alpha-channel-opacity is-style-wide\"\/>\n\n\n\n<h5 class=\"wp-block-heading\">Si quieres adherirte al manifiesto escr\u00edbenos a <a href=\"mailto:implantacionracional@gmail.com\">implantacionracional@gmail.com<\/a> o contacta\u2019ns a trav\u00e9s de xarxes socials<\/h5>\n\n\n\n<hr class=\"wp-block-separator has-alpha-channel-opacity is-style-wide\"\/>","protected":false},"excerpt":{"rendered":"<p>Nos encontramos en un momento de crisis ecosocial global con el cambio clim\u00e1tico ya en marcha, el agotamiento de los recursos f\u00f3siles en el horizonte y la p\u00e9rdida de biodiversidad [&hellip;]<\/p>","protected":false},"author":1,"featured_media":114,"parent":0,"menu_order":0,"comment_status":"closed","ping_status":"closed","template":"","meta":{"_EventAllDay":false,"_EventTimezone":"","_EventStartDate":"","_EventEndDate":"","_EventStartDateUTC":"","_EventEndDateUTC":"","_EventShowMap":false,"_EventShowMapLink":false,"_EventURL":"","_EventCost":"","_EventCostDescription":"","_EventCurrencySymbol":"","_EventCurrencyCode":"","_EventCurrencyPosition":"","_EventDateTimeSeparator":"","_EventTimeRangeSeparator":"","_EventOrganizerID":[],"_EventVenueID":[],"_OrganizerEmail":"","_OrganizerPhone":"","_OrganizerWebsite":"","_VenueAddress":"","_VenueCity":"","_VenueCountry":"","_VenueProvince":"","_VenueState":"","_VenueZip":"","_VenuePhone":"","_VenueURL":"","_VenueStateProvince":"","_VenueLat":"","_VenueLng":"","_VenueShowMap":false,"_VenueShowMapLink":false,"footnotes":""},"class_list":["post-39","page","type-page","status-publish","has-post-thumbnail","hentry"],"_links":{"self":[{"href":"https:\/\/ubiracional.org\/val\/wp-json\/wp\/v2\/pages\/39","targetHints":{"allow":["GET"]}}],"collection":[{"href":"https:\/\/ubiracional.org\/val\/wp-json\/wp\/v2\/pages"}],"about":[{"href":"https:\/\/ubiracional.org\/val\/wp-json\/wp\/v2\/types\/page"}],"author":[{"embeddable":true,"href":"https:\/\/ubiracional.org\/val\/wp-json\/wp\/v2\/users\/1"}],"replies":[{"embeddable":true,"href":"https:\/\/ubiracional.org\/val\/wp-json\/wp\/v2\/comments?post=39"}],"version-history":[{"count":11,"href":"https:\/\/ubiracional.org\/val\/wp-json\/wp\/v2\/pages\/39\/revisions"}],"predecessor-version":[{"id":964,"href":"https:\/\/ubiracional.org\/val\/wp-json\/wp\/v2\/pages\/39\/revisions\/964"}],"wp:featuredmedia":[{"embeddable":true,"href":"https:\/\/ubiracional.org\/val\/wp-json\/wp\/v2\/media\/114"}],"wp:attachment":[{"href":"https:\/\/ubiracional.org\/val\/wp-json\/wp\/v2\/media?parent=39"}],"curies":[{"name":"wp","href":"https:\/\/api.w.org\/{rel}","templated":true}]}}