{"id":78,"date":"2022-12-01T18:45:58","date_gmt":"2022-12-01T18:45:58","guid":{"rendered":"http:\/\/ubiracional.org\/?page_id=78"},"modified":"2025-04-03T12:48:21","modified_gmt":"2025-04-03T12:48:21","slug":"quienes-somos","status":"publish","type":"page","link":"https:\/\/ubiracional.org\/val\/quienes-somos\/","title":{"rendered":"Qui som?"},"content":{"rendered":"<p>Som una coordinadora formada per m\u00e9s de 77 col\u00b7lectius entre plataformes en defensa del territori i grups ecologistes del territori valenci\u00e0.<\/p>\n\n\n\n<p class=\"has-link-color wp-elements-e78f260a61ea96d4c0dac4b8327a7ba1\">Si vols contactar amb la coordinadora escriu-nos a <a href=\"mailto:implantacionracional@gmail.com\">implantacionracional@gmail.com<\/a><\/p>\n\n\n\n<p class=\"has-large-font-size\" style=\"margin-top:28px;margin-right:0px;margin-bottom:0px;margin-left:0px\">Grups adherits<\/p>\n\n\n\n<p class=\"has-link-color wp-elements-05b9f7f1a7749ec3556fb5aa46401b45\">Aielo<br><strong>Grup Voluntariat Aielo de Malferit<\/strong><br><a href=\"https:\/\/www.facebook.com\/voluntaris.aielodemalferit\/\">Facebook<\/a><br><strong>Plataforma Salvem Cairent<\/strong><br><a href=\"https:\/\/www.facebook.com\/SalvemCairent\/\">Facebook<\/a><br><strong>Associaci\u00f3 per la Defensa del Territori i Medi Ambient d\u2019 Aielo<\/strong><br><a href=\"https:\/\/www.facebook.com\/SalvemCairent\/\">Facebook<\/a><\/p>\n\n\n\n<p class=\"has-link-color wp-elements-c50f70aaa297ef0cef181b730bfd1591\">Albaida<br><strong>Plataforma en defensa del territori de la Vall d&#8217;Albaida<\/strong><br><a href=\"https:\/\/www.facebook.com\/watch\/defensalavall\/\">Facebook<\/a><br><a href=\"https:\/\/www.instagram.com\/defensalavall\/\">Instagram<\/a><br><a href=\"https:\/\/twitter.com\/defensalavall\">Twitter<\/a><\/p>\n\n\n\n<p class=\"has-link-color wp-elements-edb805a1293da4df5bf0fbf070d681d8\">Alborache<br><strong>Asociaci\u00f3n Alborem Acci\u00f3n<\/strong><br><a href=\"https:\/\/www.facebook.com\/alborem\/\">Facebook<\/a><\/p>\n\n\n\n<p class=\"has-link-color wp-elements-964ee7de8096c4bd886d58c8d78527e4\">Alcala Alcossebre<br><strong>ALSA Renovables i sostenibles<\/strong><br><a href=\"https:\/\/www.facebook.com\/profile.php?id=100069219091837\">Facebook<\/a><\/p>\n\n\n\n<p class=\"has-contrast-color has-text-color has-link-color wp-elements-8d69c723ba92696b1cef71339f96f471\">Alcublas<br><strong>Alcublas Rural<\/strong><br><a href=\"https:\/\/juntossalvamosalcublas.org\/\">https:\/\/juntossalvamosalcublas.org\/<\/a><br><a href=\"https:\/\/www.instagram.com\/juntossalvamosalcublas\/\">Instagram<\/a><\/p>\n\n\n\n<p class=\"has-contrast-color has-text-color has-link-color wp-elements-a528f16abd2bfb4075e43e9b60089737\">Almedijar<br><strong>La surera<\/strong><br><a href=\"https:\/\/lasurera.org\/\">https:\/\/lasurera.org\/<\/a><\/p>\n\n\n\n<p class=\"has-contrast-color has-text-color has-link-color wp-elements-69b56648c39898f54b7aa8ba2bd244d6\">Alto Palancia<br><strong>ARBA Alto Palancia<\/strong><br><a href=\"https:\/\/arba-s.org\/\">https:\/\/arba-s.org\/<\/a><\/p>\n\n\n\n<p class=\"has-link-color wp-elements-789b65d0499b75ff58aa897b88815cbf\">Alzira<br><strong>La Ribera amb bici<\/strong><br><a href=\"http:\/\/www.lariberaenbici.net\/\">http:\/\/www.lariberaenbici.net\/<\/a><br><a href=\"https:\/\/www.facebook.com\/profile.php?id=100071336464476\">Facebook<\/a><\/p>\n\n\n\n<p class=\"has-contrast-color has-text-color has-link-color wp-elements-4cad5882cbb08e14b63500eb34bc80e8\">Ayora<br><strong>ANAV Valle de Ayora <\/strong><br><a href=\"https:\/\/www.facebook.com\/asociacionnaturalista.22\/\">Facebook<\/a><\/p>\n\n\n\n<p>Beneixama<br><strong>Col.lectiu Cresol <\/strong><\/p>\n\n\n\n<p class=\"has-contrast-color has-text-color has-link-color wp-elements-6bcf0bfae5781c52ee151e7e90fe5689\">Benifass\u00e1<br><strong>Associaci\u00f3 per la Recuperaci\u00f3 de la Tinen\u00e7a<\/strong><br><a href=\"https:\/\/www.facebook.com\/ARTbenifassa\/\">Facebook<\/a><\/p>\n\n\n\n<p class=\"has-link-color wp-elements-298b59306e9febb65db41c5ebbfe1cf7\">Biar<br><strong>Associaci\u00f3 Naturalista Reconco<\/strong><br><a href=\"https:\/\/reconco.org\/\">reconco.org<\/a><br><a href=\"https:\/\/www.facebook.com\/reconcobiar\/\">Facebook<\/a><br><strong>Centro Excursionista de Biar<\/strong><\/p>\n\n\n\n<p class=\"has-link-color wp-elements-e4f7544c200f319b88a03b532c338af9\">Borriol<br><strong>No a La Mat Borriol<\/strong><br><a href=\"https:\/\/www.facebook.com\/nomatcastello\/\">Facebook<\/a><br><a href=\"https:\/\/twitter.com\/nomatccastello\">Twitter<\/a><\/p>\n\n\n\n<p class=\"has-contrast-color has-text-color has-link-color wp-elements-95658b7c3a67ae46e8cf775919fb0184\">Bu\u00f1ol<br><strong>Salvemos Farraj\u00f3n<\/strong> <br><a href=\"https:\/\/www.facebook.com\/groups\/197847238837059\/\">Facebook<\/a><br><a href=\"https:\/\/mobile.twitter.com\/salvemfarrajon\">Twitter<\/a><br><strong>Aire limpio Hoya de Bu\u00f1ol<\/strong><br><a href=\"https:\/\/twitter.com\/hoyaairelimpio?lang=es\">Twitter<\/a><\/p>\n\n\n\n<p class=\"has-contrast-color has-text-color has-link-color wp-elements-4b4dddfe4956eafa568fbea20e6e5c5e\">Cabanes<br><strong>Per un Cabanes Viu<\/strong><br><a href=\"https:\/\/twitter.com\/peruncabanesviu\">Twitter<\/a><\/p>\n\n\n\n<p class=\"has-link-color wp-elements-6f963d8a10ec9b9f186e65fdcf639ef4\">Carcaixent<br><strong>Salvem el Realenc <\/strong><br><a href=\"https:\/\/www.facebook.com\/profile.php?id=100076984960485\">Facebook<\/a><br><a href=\"https:\/\/mobile.twitter.com\/salvemelrealenc\">Twitter<\/a><\/p>\n\n\n\n<p class=\"has-link-color wp-elements-740537fb0fd61ff352d98fabded5999e\">Castalla<br><strong>Natura i Gent Castalla<\/strong><br><a href=\"https:\/\/www.facebook.com\/profile.php?id=100068500166504\">Facebook<\/a><\/p>\n\n\n\n<p class=\"has-link-color wp-elements-714f22b05ced9259b282be3e511ebabf\">Catadau<br><strong>Plataforma Ciutadana Salvem les Pedrisses Pel Patrimoni i la Biodiversitat <\/strong><br><a href=\"https:\/\/m.facebook.com\/profile.php?id=100076386393192&amp;eav=AfaBHFW3LhOF2zAbrH9Pyy8Hj-QX5s_OcnLg-hKolo4aiI0YiiCoKMMhij3CLpwht8s&amp;ref=py_c&amp;paipv=0&amp;_rdr\">Facebook<\/a><br><strong>GAMM grup d&#8217;acci\u00f3 mediambiental (Alfarb, Catadau i Llombai)<\/strong><\/p>\n\n\n\n<p class=\"has-link-color wp-elements-a75f8456b6542ecc0818de538533a882\">Chella<br><strong>La Canal Verde<\/strong><br><a href=\"https:\/\/www.facebook.com\/profile.php?id=100071002103952\">Facebook<\/a><\/p>\n\n\n\n<p class=\"has-link-color wp-elements-d5093924f2634fed6fab29e6d4079c79\">Chiva<br><strong>Plataforma para el Estudio y Conservaci\u00f3n de la Sierra de Chiva<\/strong><br><a href=\"https:\/\/www.plataformasierrachiva.org.es\/\">plataformasierrachiva.org<\/a><br><a href=\"https:\/\/www.facebook.com\/people\/Sierra-de-Chiva-o-de-los-Bosques\/100064358301942\/\">Facebook<\/a><\/p>\n\n\n\n<p class=\"has-contrast-color has-text-color has-link-color wp-elements-9b11e32a8e59e89f4460c240eb0c5cb8\">Ibi<br><strong>Associaci\u00f3 Cultural El Teix<\/strong><br><a href=\"https:\/\/www.facebook.com\/ElTeix\/?locale=ca_ES\">Facebook<\/a><br><\/p>\n\n\n\n<p class=\"has-link-color wp-elements-3e25d1dc4c1c98c8b490fd23d3b3e95f\">Les Coves de Vinrom\u00e0<br><strong>Nostra Terra <\/strong><br><a href=\"https:\/\/nostraterra.org\/\">nostraterra.org<\/a><br><a href=\"https:\/\/www.facebook.com\/nostraterralescovesdevinroma\/\">Facebook<\/a><br><a href=\"https:\/\/mobile.twitter.com\/nostraterraass\">Twitter<\/a><\/p>\n\n\n\n<p class=\"has-link-color wp-elements-996c16401843e17d2c69ee099e1f903e\">Elda-Vinalop\u00f3<br><strong>Stop Plan Solar Vinalop\u00f3 <\/strong><br><a href=\"https:\/\/junta2.com\/stopplansolarvinalopo\/\">junta2.com\/stopplansolarvinalopo<\/a><br><a href=\"https:\/\/www.facebook.com\/stopplansolarvinalopo\/\">Facebook<\/a><br><a href=\"https:\/\/twitter.com\/stopplansolarv?lang=es\">Twitter<\/a><br><a href=\"https:\/\/www.instagram.com\/stopplansolarvinalopo\/\">Instagram<\/a><\/p>\n\n\n\n<p class=\"has-contrast-color has-text-color has-link-color wp-elements-b3a1d90cb65dfdf4f4d42e0c9734be68\">Elx<br><strong>Asociaci\u00f3n de vecinos Santa Ana de Elx<\/strong><br><a href=\"https:\/\/www.facebook.com\/aavvsantaana\/\">Facebook<\/a><\/p>\n\n\n\n<p class=\"has-contrast-color has-text-color has-link-color wp-elements-5d261973fbf4f4e7016ce5385fa98acc\">El Comtat<br><strong>Coordinadora d\u2019Estudis E\u00f2lics del Comtat<\/strong><br><a href=\"http:\/\/www.zona14.org\/\">http:\/\/www.zona14.org\/<\/a><\/p>\n\n\n\n<p class=\"has-contrast-color has-text-color has-link-color wp-elements-90204056f26035fb20fc33a0a554bb7c\">Enguera<br><strong>ADENE<\/strong><br><a href=\"https:\/\/adene.es\/\">https:\/\/adene.es\/<\/a><br><a href=\"https:\/\/www.facebook.com\/people\/ADENE\/100064571298903\/\">Facebook<\/a><\/p>\n\n\n\n<p class=\"has-link-color wp-elements-40372b8fb6685de56b3451d7ab82b752\">Fontanars<br><strong>Terres dels Alforins<\/strong><br><a rel=\"noreferrer noopener\" href=\"https:\/\/www.facebook.com\/Terres-dels-Alforins-170666729658644\/\" target=\"_blank\">Facebook<\/a><\/p>\n\n\n\n<p>Gaianes<br><strong>A Gaianes, renovables, s\u00ed, per\u00f2 no aix\u00ed<\/strong><\/p>\n\n\n\n<p class=\"has-link-color wp-elements-fa1ee7731d4daa70c9cad7de0181ebba\">Godelleta<br><strong>Cooperativa Vin\u00edcola S. Pedro Ap\u00f3stol de Godelleta<\/strong><br><a href=\"https:\/\/www.godelleta.com\/\">godelleta.com<\/a><br><a href=\"https:\/\/www.defiendetupueblo.es\/\">https:\/\/www.defiendetupueblo.es\/<\/a><br><strong>Salvemos Godelleta<\/strong><\/p>\n\n\n\n<p class=\"has-link-color wp-elements-e6f748056c14852d60f04d44021753fc\">Mon\u00f2ver<br><strong>Plataforma Sol Sostenible<\/strong><br><a href=\"https:\/\/solsosteniblemonover.wordpress.com\/\">solsosteniblemonover.wordpress.com<\/a><br><a href=\"https:\/\/m.facebook.com\/Plataforma-Sol-Sostenible-de-Mon%C3%B2ver-107926008051946\/\">Facebook<\/a><br><strong>Grup Naturalista Heliaca E e A Mon\u00f2ver<\/strong><br><a href=\"http:\/\/heliaca.blogspot.com\/\">http:\/\/heliaca.blogspot.com\/<\/a><br><a href=\"https:\/\/www.facebook.com\/HeliacaMonover\/\">Facebook<\/a><\/p>\n\n\n\n<p class=\"has-link-color wp-elements-dff0981625b64151e44cf36a5cd3510a\">Montesa<br><strong>Montesa Territori Viu (MTV)<\/strong><br><a href=\"https:\/\/www.facebook.com\/MontesaTerritoriViu\/\">Facebook<\/a><br><a href=\"https:\/\/twitter.com\/territori_viu\">Twitter<\/a><\/p>\n\n\n\n<p>Morvedre<br><strong>Plataforma en defensa del territori del Camp de Morvedre<\/strong><\/p>\n\n\n\n<p class=\"has-link-color wp-elements-814708d3ab0619dccddd21d91d25de30\">Ontinyent<br><strong>Colla Ecologista l&#8217;arrel<\/strong><br><a href=\"https:\/\/www.arrel.org\/\">https:\/\/www.arrel.org\/<\/a><br><a href=\"https:\/\/www.facebook.com\/collaecologistalarrel.ontinyent\/\">Facebook<\/a><br><a href=\"http:\/\/arrel-ecologista.blogspot.com\/\">http:\/\/arrel-ecologista.blogspot.com\/<\/a><\/p>\n\n\n\n<p>Petrer<br><strong>Salvem la Serra del Cavall <\/strong><\/p>\n\n\n\n<p class=\"has-link-color wp-elements-f777831ffcfb38f1346ad80686f8611b\">Salinas<br><strong>Asociaci\u00f3n Vecinos Las Salinas<\/strong><br><a href=\"https:\/\/m.facebook.com\/profile.php?id=100077486330748\">Facebook<\/a><br><strong>Amig@s de Sierra Escalona (ASE)<\/strong><br><a href=\"http:\/\/amigosdesierraescalona.wordpress.com\">amigosdesierraescalona.wordpress.com<\/a><br><a href=\"http:\/\/www.facebook.com\/amigossierraescalona\/\">Facebook<\/a><\/p>\n\n\n\n<p class=\"has-link-color wp-elements-bfa46ec1c29f354590ad5d1950b1b763\">Sant Joan de Mor\u00f3<br><strong>NO a la MAT San Joan de Mor\u00f3<\/strong><br><a href=\"https:\/\/www.facebook.com\/nomatcastello\/\">Facebook<\/a><br><a href=\"https:\/\/twitter.com\/nomatccastello\">Twitter<\/a><\/p>\n\n\n\n<p class=\"has-contrast-color has-text-color has-link-color wp-elements-12b1a70a0f7a35851c41c6966341523c\">Serran\u00eda i Camp del Turia<br><strong>Defiende tu pueblo Serran\u00eda \u2013 Camp del Turia<\/strong><br><a href=\"https:\/\/www.defiendetupueblo.es\/\">https:\/\/www.defiendetupueblo.es\/<\/a><br><a href=\"https:\/\/www.instagram.com\/defiendetupueblo\/\">Instagram<\/a><br><a href=\"https:\/\/twitter.com\/DefiendePueblo\">Twitter<\/a><br><a href=\"https:\/\/m.facebook.com\/noalasmacroplantassolares\/\">Facebook<\/a><\/p>\n\n\n\n<p>Siete Aguas<br><strong>Malacara Siete Aguas <\/strong><\/p>\n\n\n\n<p class=\"has-contrast-color has-text-color has-link-color wp-elements-595018251bc1843f7b541d1079b90a7d\">Les Useres<br><strong>Defensem Les Nostres Arrels<\/strong><br><a href=\"https:\/\/www.instagram.com\/defensemlesnostresarrels\/\">Instagram<\/a><\/p>\n\n\n\n<p class=\"has-link-color wp-elements-f133b9ff0080a3d8f243ad6d070959d9\">Utiel Requena<br><strong>Utiel-Requena Sostenible <\/strong><br><a href=\"https:\/\/www.facebook.com\/PlaUtielRequena\/\">Facebook<\/a><br><a href=\"https:\/\/www.instagram.com\/urequenasostenible\/\">Instagram<\/a><br><a href=\"https:\/\/twitter.com\/PlaUtielRequena\">Twitter<\/a><br><strong>Renovables \u00c9ticas<\/strong><br><a href=\"https:\/\/www.instagram.com\/renovableseticas\/\">Instagram<\/a><\/p>\n\n\n\n<p class=\"has-contrast-color has-text-color has-link-color wp-elements-336062f873b72d42bd16d97b0444b8e4\">La Vall d\u2019Alba<br><strong>Junts per la Terra<\/strong><br><a href=\"https:\/\/www.instagram.com\/juntsperlaterra\/\">Instagram<\/a><\/p>\n\n\n\n<p class=\"has-contrast-color has-text-color has-link-color wp-elements-81c81213c1a038ef718ad00e1b88a65a\">Lliria<br><strong>Asociaci\u00f3n en Defensa de los montes de La Concordia<\/strong><br><a href=\"https:\/\/www.instagram.com\/defensa_montes_de_la_concordia\/\">Instagram<\/a><br><a href=\"https:\/\/www.facebook.com\/profile.php?id=61561021625665\">Facebook<\/a><\/p>\n\n\n\n<p>Montserrat<br><strong>La lluerna<\/strong><\/p>\n\n\n\n<p class=\"has-contrast-color has-text-color has-link-color wp-elements-17c187ca936b5da981836d090dcf41c1\">Orpesa<br><strong>Salvem la Reneg\u00e0<\/strong><br><a href=\"https:\/\/www.salvemrenega.org\/\">https:\/\/www.salvemrenega.org\/<\/a><br><a href=\"https:\/\/m.facebook.com\/salvemrenega\/?locale2=es_ES\">Facebook<\/a><br><a href=\"https:\/\/twitter.com\/salvemlarenega\">Twitter<\/a><\/p>\n\n\n\n<p class=\"has-contrast-color has-text-color has-link-color wp-elements-b37951c4400dc534195a83d8faab3df3\">Sumac\u00e0rcel<br><strong>El territori suma<\/strong><br><a href=\"https:\/\/elterritorisuma.org\/\">https:\/\/elterritorisuma.org\/<\/a><br><a href=\"https:\/\/www.instagram.com\/elterritorisuma\/\">Instagram<\/a><\/p>\n\n\n\n<p>Tibi<br><strong>Plataforma ciutadana de Tibi per la defensa mediambiental i sociocultural a la Foia de Castalla<\/strong><\/p>\n\n\n\n<p class=\"has-contrast-color has-text-color has-link-color wp-elements-1db7de2bfc9dbbb1d031bdc012d3ad09\">Tur\u00eds<br><strong>Plataforma por la defensa del territorio El Castellet<\/strong><br><a href=\"https:\/\/www.facebook.com\/share\/17b16MycJF\/\">Facebook<\/a><br><a href=\"https:\/\/www.instagram.com\/plat.castellet?igsh=MTBremtjNm8yNjN2aQ\">Instagram<\/a><\/p>\n\n\n\n<p class=\"has-link-color wp-elements-d5b3d7a6e2549327b33eb59815c3c08b\">Vilafam\u00e9s<br><strong>No a la Mat Vilafam\u00e9s<\/strong><br><a href=\"https:\/\/www.facebook.com\/nomatcastello\/\">Facebook<\/a><br><a href=\"https:\/\/twitter.com\/nomatccastello\">Twitter<\/a><br><strong>La Terra, Casa Nostra<\/strong><br><a href=\"https:\/\/www.facebook.com\/nostraterralescovesdevinroma\/\">Facebook<\/a><br><a href=\"https:\/\/twitter.com\/terracasanostra\">Twitter<\/a><\/p>\n\n\n\n<p class=\"has-link-color wp-elements-f79fd610999fc07ac07c0420856380c7\">Villar<br><strong>EaA La Serran\u00eda<\/strong><br><a href=\"http:\/\/www.ecologistasenaccionlaserrania.org\/\">ecologistasenaccionlaserrania.org\/<\/a><br><a href=\"https:\/\/www.facebook.com\/ecologistasenaccion.laserrania\/\">Facebook<\/a><br><a href=\"https:\/\/www.defiendetupueblo.es\/\">https:\/\/www.defiendetupueblo.es\/<\/a><\/p>\n\n\n\n<p class=\"has-link-color wp-elements-66c0c336d45ac9c277a6a6c80f5bb27b\">Villena<br><strong>Salvatierra EeA<\/strong><br><a href=\"https:\/\/www.ecologistasenaccion.org\/federaciones\/pais-valencia\/alacant\/villena\/\">ecologistasenaccion.org\/federaciones\/pais-valencia\/alacant\/villena\/<\/a><br><a href=\"https:\/\/www.ecologistasenaccion.org\/federaciones\/pais-valencia\/alacant\/villena\/http:\/\/salvatierravillena.blogspot.com\/\">salv<\/a><a rel=\"noreferrer noopener\" href=\"https:\/\/www.ecologistasenaccion.org\/federaciones\/pais-valencia\/alacant\/villena\/http:\/\/salvatierravillena.blogspot.com\/\" target=\"_blank\">atie<\/a><a href=\"https:\/\/www.ecologistasenaccion.org\/federaciones\/pais-valencia\/alacant\/villena\/http:\/\/salvatierravillena.blogspot.com\/\">rravillena.blogspot.com<\/a><\/p>\n\n\n\n<p class=\"has-link-color wp-elements-484792dfd386fbb114f4573eb1e454a5\">Viver<br><strong>Cooperativa de Viver<\/strong> <br><a href=\"https:\/\/www.cooperativaviver.es\/\">cooperativaviver.es<\/a><\/p>\n\n\n\n<p class=\"has-contrast-color has-text-color has-link-color wp-elements-01c4aaaca15a56417b048a41e19ec447\"><strong>Plataforma Contra la Fotovoltaica Calderona<\/strong><br><a href=\"https:\/\/contrafotovoltaicacalderona.es\/\">https:\/\/contrafotovoltaicacalderona.es\/<\/a><br><a href=\"https:\/\/www.facebook.com\/people\/Plataforma-contra-la-Fotovoltaica-Calderona\/100090842079722\/\">Facebook<\/a><br><a href=\"https:\/\/www.instagram.com\/plataforma.calderona\/\">Instagram<\/a><\/p>\n\n\n\n<p class=\"has-link-color wp-elements-9c5bf0d0a5924e96c8d09d748b75adb9\"><strong>Per l\u2019Horta<\/strong><br><a href=\"https:\/\/perlhorta.info\/\">perlhorta.info<\/a><br><a href=\"https:\/\/twitter.com\/perlhorta\">Twitter<\/a><br><a href=\"https:\/\/www.facebook.com\/perlhorta\/\">Facebook<\/a><br><a href=\"https:\/\/www.instagram.com\/perlhorta\/\">Instagram<\/a><\/p>\n\n\n\n<p class=\"has-link-color wp-elements-c7012f43a15e014cc366e0296a9e30cc\"><strong>Perif\u00e8ries<\/strong><br><a href=\"https:\/\/periferies.org\/\">periferies.org<\/a><br><a href=\"https:\/\/www.facebook.com\/associacioperiferies\/\">Facebook<\/a><br><a href=\"https:\/\/twitter.com\/periferies\">Twitter<\/a><br><a href=\"https:\/\/www.instagram.com\/periferies.pv\/\">Instagram<\/a><\/p>\n\n\n\n<p class=\"has-link-color wp-elements-5e54ddea4fca6c61a2f1ff35775fac33\"><strong>Intersindical PV<\/strong><br><a href=\"https:\/\/intersindical.org\/\">intersindical.org<\/a><\/p>\n\n\n\n<p class=\"has-link-color wp-elements-9edcfd966198514695ccd047e9e8b669\"><strong>Societat Valenciana Ornitologia (SVO)<\/strong><br><a href=\"https:\/\/svornitologia.org\/asociacion\/\">svornitologia.org\/asociacion<\/a><br><a href=\"https:\/\/www.facebook.com\/svornitologia\/\">Facebook<\/a><br><a href=\"https:\/\/twitter.com\/svornitologia\">Twitter<\/a><\/p>\n\n\n\n<p class=\"has-link-color wp-elements-efc20a0b40bf2dda9a661451cc5dc424\"><strong>Acci\u00f3 Ecologista Agr\u00f3<\/strong><br><a href=\"https:\/\/accioecologista-agro.org\/\">https:\/\/accioecologista-agro.org\/<\/a><br><a href=\"https:\/\/www.facebook.com\/aeagro\/\">Facebook<\/a><br><a href=\"https:\/\/twitter.com\/aeagro\">Twitter<\/a><br><a href=\"https:\/\/www.instagram.com\/accioecologistaagro\/\">Instagram<\/a><br><br><strong><strong>Associaci\u00f3 per la Recuperaci\u00f3 de la Tinen\u00e7a (ART)<\/strong><br><\/strong><a href=\"https:\/\/www.facebook.com\/pages\/biz\/ART-Associaci%C3%B3-per-la-Recuperaci%C3%B3-de-la-Tinen%C3%A7a-201598023897248\/\">Facebook<\/a><\/p>\n\n\n\n<p class=\"has-link-color wp-elements-66e30cc979e070b4a4f5b27d64c628b9\"><strong>Bosc Viu<\/strong><br><a href=\"http:\/\/boscviu.blogspot.com\/\">http:\/\/boscviu.blogspot.com\/<\/a><\/p>\n\n\n\n<p class=\"has-link-color wp-elements-8d8d6a0ea897defdfca3c7a20e2a6e10\"><strong>Amigos del Mas de la Mateba<\/strong><br><a href=\"https:\/\/www.maslamateba.org\/asociacion\">https:\/\/www.maslamateba.org\/asociacion<\/a><\/p>\n\n\n\n<p><strong>Parotets Sociedad Odonatol\u00f3gica de la CV<\/strong><\/p>\n\n\n\n<p class=\"has-link-color wp-elements-4c6387e05bef22c93192c7c31f0aca26\"><strong>Amigues De la Terra Val\u00e8ncia<\/strong><br><a href=\"https:\/\/www.tierra.org\/amigues-de-la-terra-valencia\/\">https:\/\/www.tierra.org\/amigues-de-la-terra-valencia\/<\/a><br><a href=\"https:\/\/www.facebook.com\/amicsdelaterraPV\/\">https:\/\/www.facebook.com\/amicsdelaterraPV\/<\/a><\/p>\n\n\n\n<p class=\"has-contrast-color has-text-color has-link-color wp-elements-5334f39007c4d9e7a34e74d345ba2402\"><strong>Grupo SPG Ecollaures<\/strong><br><a href=\"https:\/\/ecollaures.org\/\">https:\/\/ecollaures.org\/<\/a><br><a href=\"https:\/\/www.instagram.com\/spgecollaures\/\">https:\/\/www.instagram.com\/spgecollaures\/<\/a><\/p>\n\n\n\n<p class=\"has-contrast-color has-text-color has-link-color wp-elements-c5549ce0032e4d615151be7f3c4fb741\"><strong>Xicoteta Energia<\/strong><br><a href=\"https:\/\/www.xicotetaenergia.coop\/\">https:\/\/www.xicotetaenergia.coop\/<\/a><br><a href=\"https:\/\/www.facebook.com\/xicotetae\">Facebook<\/a><br><a href=\"https:\/\/twitter.com\/xicotetae\">Twitter<\/a><br><a href=\"https:\/\/www.instagram.com\/xicotetae\/\">Instagram<\/a><\/p>\n\n\n\n<p class=\"has-contrast-color has-text-color has-link-color wp-elements-653d4b2b9457a3911bac0a89c463dfb6\"><strong>Xuquer viu<\/strong><br><a href=\"https:\/\/xuquerviu.net\/\">https:\/\/xuquerviu.net\/<\/a><br><a href=\"https:\/\/m.facebook.com\/people\/X%C3%BAquer-Viu\/100069287768696\/\">Facebook<\/a><br><a href=\"https:\/\/twitter.com\/xuquerviu?lang=es\">Twitter<\/a><br><a href=\"https:\/\/www.instagram.com\/xuquerviu\/?hl=es\">Instagram<\/a><\/p>\n\n\n\n<p class=\"has-contrast-color has-text-color has-link-color wp-elements-a995ed424e0966c55872bbf875693032\"><strong>Llavors d&#8217;Ac\u00ed<\/strong><br><a href=\"https:\/\/llavorsdaci.org\/\">https:\/\/llavorsdaci.org\/<\/a><br><a href=\"https:\/\/www.facebook.com\/llavorsdaci\/?locale=ca_ES\">Facebook<\/a><br><a href=\"https:\/\/twitter.com\/llavorsdaci?lang=es\">Twitter<\/a><br><a href=\"https:\/\/www.instagram.com\/llavorsdaci\/\">Instagram<\/a><\/p>\n\n\n\n<p class=\"has-contrast-color has-text-color has-link-color wp-elements-ee1ec5f9108c82102cca2607a8501cac\"><strong>Amigos de los Humedales del Sur de Alicante (AHSA)<\/strong><br><a href=\"https:\/\/ahsa.org.es\/\">https:\/\/ahsa.org.es\/<\/a><br><a href=\"https:\/\/www.instagram.com\/ahsa_humedales\/\">Instagram<\/a><br><a href=\"https:\/\/www.facebook.com\/ahsa.humedales\/\">Facebook<\/a><br><a href=\"https:\/\/mastodon.social\/@AHSAhumedales\">Mastodon<\/a><\/p>\n\n\n\n<p><strong>PEIT Espai i Territori<\/strong><\/p>\n\n\n\n<p><\/p>\n\n\n\n<p><\/p>","protected":false},"excerpt":{"rendered":"<p>Somos una coordinadora formada por 77 colectivos entre plataformas en defensa del territorio y grupos ecologistas del territorio valenciano. Si quieres contactar con la coordinadora escr\u00edbenos a implantacionracional@gmail.com Grupos adheridos [&hellip;]<\/p>","protected":false},"author":1,"featured_media":112,"parent":0,"menu_order":0,"comment_status":"closed","ping_status":"closed","template":"","meta":{"_EventAllDay":false,"_EventTimezone":"","_EventStartDate":"","_EventEndDate":"","_EventStartDateUTC":"","_EventEndDateUTC":"","_EventShowMap":false,"_EventShowMapLink":false,"_EventURL":"","_EventCost":"","_EventCostDescription":"","_EventCurrencySymbol":"","_EventCurrencyCode":"","_EventCurrencyPosition":"","_EventDateTimeSeparator":"","_EventTimeRangeSeparator":"","_EventOrganizerID":[],"_EventVenueID":[],"_OrganizerEmail":"","_OrganizerPhone":"","_OrganizerWebsite":"","_VenueAddress":"","_VenueCity":"","_VenueCountry":"","_VenueProvince":"","_VenueState":"","_VenueZip":"","_VenuePhone":"","_VenueURL":"","_VenueStateProvince":"","_VenueLat":"","_VenueLng":"","_VenueShowMap":false,"_VenueShowMapLink":false,"footnotes":""},"class_list":["post-78","page","type-page","status-publish","has-post-thumbnail","hentry"],"_links":{"self":[{"href":"https:\/\/ubiracional.org\/val\/wp-json\/wp\/v2\/pages\/78","targetHints":{"allow":["GET"]}}],"collection":[{"href":"https:\/\/ubiracional.org\/val\/wp-json\/wp\/v2\/pages"}],"about":[{"href":"https:\/\/ubiracional.org\/val\/wp-json\/wp\/v2\/types\/page"}],"author":[{"embeddable":true,"href":"https:\/\/ubiracional.org\/val\/wp-json\/wp\/v2\/users\/1"}],"replies":[{"embeddable":true,"href":"https:\/\/ubiracional.org\/val\/wp-json\/wp\/v2\/comments?post=78"}],"version-history":[{"count":33,"href":"https:\/\/ubiracional.org\/val\/wp-json\/wp\/v2\/pages\/78\/revisions"}],"predecessor-version":[{"id":888,"href":"https:\/\/ubiracional.org\/val\/wp-json\/wp\/v2\/pages\/78\/revisions\/888"}],"wp:featuredmedia":[{"embeddable":true,"href":"https:\/\/ubiracional.org\/val\/wp-json\/wp\/v2\/media\/112"}],"wp:attachment":[{"href":"https:\/\/ubiracional.org\/val\/wp-json\/wp\/v2\/media?parent=78"}],"curies":[{"name":"wp","href":"https:\/\/api.w.org\/{rel}","templated":true}]}}